{"id":37,"date":"2012-11-20T14:27:20","date_gmt":"2012-11-20T14:27:20","guid":{"rendered":"http:\/\/www.ripa.com.ar\/blog\/?page_id=37"},"modified":"2025-04-26T06:56:46","modified_gmt":"2025-04-26T09:56:46","slug":"37-2","status":"publish","type":"page","link":"https:\/\/www.ripa.com.ar\/blog\/?page_id=37","title":{"rendered":"Consultoria Internacional"},"content":{"rendered":"<p><b>Resumen de actividades publicas de Consultoria Internacional:<\/b><\/p>\n<ul>\n<li><b>\u00a0Director Ejecutivo de Mendoza Trading S. A. <\/b><\/li>\n<li><b>\u00a0Fundador y Director en programa Trade Point \u00a0&#8211; WTPF &#8211; UNCTAD<\/b><\/li>\n<li><b>\u00a0Presidente Internacional de la AIHE &#8211;\u00a0 Asociaci\u00f3n\u00a0Interamericana de Hombres de Empresas &#8211; Sede Miami.<\/b><\/li>\n<\/ul>\n<p><b>Nota: Las actividades internacionales, en calidad de consultor o las asesor\u00edas\u00a0de empresas privadas, por razones de confidencialidad, no se encuentran detalladas en el presente.<\/b><\/p>\n<p><b style=\"line-height: 1.714285714; font-size: 1rem;\">&#8212;&#8212;&#8212;&#8212;&#8212;&#8212;&#8212;&#8211;<\/b><\/p>\n<p><b>PARAGUAY. 1989. <\/b>Acompa\u00f1amiento Misi\u00f3n Tratado Mercosur. Secretaria de Asuntos Latinoamericanos. Canciller\u00eda Argentina. MREyC<\/p>\n<p><b>EE.UU. 1988. <\/b>Visita Empresarial VOA &#8211; Vinos del Oeste Argentino. ( Impo\/Expo. 1er. Hub Logistico Mendoza).<\/p>\n<p><b>M\u00c9XICO<\/b><strong>\u00a01990. <\/strong>Delegaci\u00f3n Empresarial Mostos y Vinos.<\/p>\n<p><strong>BRASIL 1990. <\/strong>Tratado del Mercosur visita San Pablo &#8211; Rio de Janeiro &#8211; Minas Gerais y Porto Alegre.<\/p>\n<p><strong>BRASIL 1991. <\/strong>Delegaci\u00f3n Empresarial ABRAS.<\/p>\n<p><strong>CHILE 1992.\u00a0 <\/strong>Encuentro fundaciones Latinoamericanas \u00abFUCAIL\u00bb .<\/p>\n<p><strong>BRASIL 1992<\/strong>. Delegaci\u00f3n Empresarial Vitivin\u00edcola.<\/p>\n<p><strong>URUGUAY 1992. <\/strong>Encuentro ALADI de Comercio Exterior.<\/p>\n<p><strong>BRASIL \/ CHILE 1993<\/strong>. Delegaciones Empresarial, Encuentros de trabajo, oficinas, representaciones Banco de Mendoza S.A.<\/p>\n<p><strong>ESPA\u00d1A \/ ITALIA 1994. <\/strong>Delegaci\u00f3n Empresarial sobre Exp. Mosto y Vinos.<\/p>\n<p><strong>BRASIL 1994.\u00a0 <\/strong>Misi\u00f3n Empresarial de Mendoza. Porto Alegre.<\/p>\n<p><strong>EE.UU. \/ CANADA 1994. <\/strong>Encuentros Empresariales sobre exportaci\u00f3n de Mostos y Vinos.<\/p>\n<p><strong>BRASIL 1994. <\/strong>Co-organizador Encuentros Empresariales &#8211; Bancarios del Mercosur Minas Gerais.<\/p>\n<p><strong>ARGENTINA 1995. <\/strong>Organizador misi\u00f3n Empresarial de Supermercadistas y de empresarios Mineros en Mendoza.<\/p>\n<p><strong>BRASIL 1995. <\/strong>Delegaci\u00f3n Empresarial &#8211; C\u00e1maras y Bancos .C\u00e1mara Internacional de Comercio de Brasil.<\/p>\n<p><strong>MERCOSUR 1995 &#8211; URUGUAY. <\/strong>Encuentro \u00abRondas de Uruguay\u00bb. Profesionales en Relaciones Internacionales.<\/p>\n<p><strong>BRASIL 1996. <\/strong>Belo Horizonte. Encuentro SEBRAE<strong> convenio TPMendoza<\/strong><\/p>\n<p><strong>ALEMANIA &#8211; AUSTRIA &#8211; FINLANDIA 1998. <\/strong>Encuentro Trade Points. Organizaci\u00f3n en Europa y Mercosur.<\/p>\n<p><strong>ARGENTINA 1996. <\/strong>Encuentro en C\u00f3rdoba de Trade Points Argentinos.<\/p>\n<p><strong>ARGENTINA 1996. <\/strong>Organizaci\u00f3n Misi\u00f3n Empresarial de Sebrae &#8211; M.G. &#8211; Brasil a Mendoza.<\/p>\n<p><strong>BRASIL 1997. <\/strong>Encuentro Empresarial Mendoza \u2013 Minas Gerais.<\/p>\n<p><strong>ITALIA \u00a0&#8211; FRANCIA \u2013 INGLATERRA 1997. <\/strong>Mision Empresarial Vinos de Mendoza.<\/p>\n<p><strong>MEXICO 1997.\u00a0 <\/strong>V Foro Interamericano de Trade Points.<\/p>\n<p><strong>MIAMI 1997.\u00a0 <\/strong>Presentaci\u00f3n Centro de Informaci\u00f3n TPMnet.<\/p>\n<p><strong>EL SALVADOR \u2013 PANAMA \u2013 GUATEMALA \u00a01998. <\/strong>Concurso Conformaci\u00f3n Centro de Comercio Exterior Programa Nacional de Competitividad.<\/p>\n<p><strong>BRASIL 1998. <\/strong>Participaci\u00f3n V Sal\u00f3n de Oportunidades Sebrae Belo Horizonte. Minas Gerais.<\/p>\n<p><strong>FRANCIA \u2013 ITALIA \u2013 ESPA\u00d1A \u2013 CENTRO LYONS 1998. <\/strong>Participaci\u00f3n y Conferencista V Reuni\u00f3n Mundial TP-UNCTAD.<\/p>\n<p><strong>ITALIA &#8211; ROMA 1998. <\/strong>Misi\u00f3n Empresarial y Rueda de Negocios.<\/p>\n<p><strong>INDIA &#8211; 1999.<\/strong> Convenci\u00f3n India &#8211; Pacifico \/ Iberoamericana\u00a0<\/p>\n<p><strong>PARAGUAY 1999. <\/strong>Comisi\u00f3n Nacional de Valores &#8211; Primer Foro Interamericano de Empresarios.<\/p>\n<p><strong>MIAMI 1999. <\/strong>Participaci\u00f3n Encuentro Empresarial y Reuni\u00f3n AIHE.<\/p>\n<p><strong>JAMAICA \u2013 HAITI \u2013 SANTO DOMINGO 1999 <\/strong>Encuentro Asociatividad Empresarial Latinoamericana<\/p>\n<p><strong>PUERTO RICO 1999. <\/strong>Foro de Empresarios Latinoamericanos.<\/p>\n<p><strong>CURAZAO. A.H. 2000. <\/strong>Encuentro del Foro Interamericano de TPs.<\/p>\n<p><strong>MIAMI 2000. <\/strong>Reuni\u00f3n Internacional de Delegados y Encuentro Empresarial AIHE.<\/p>\n<p><strong>SUDESTE ASIATICO 2000 &#8211; <\/strong>Visita Misi\u00f3n Empresarial &#8211; China &#8211; Japon &#8211; Indonesia &#8211; Singapur<\/p>\n<p><strong>GINEBRA 2000. <\/strong>Participaci\u00f3n y Conferencista Sede UNCTAD &#8211; ONU. VI Reuni\u00f3n Mundial de GTPnet.<\/p>\n<p><strong>SANTO DOMINGO &#8211; PUERTO RICO &#8211; MIAMI 2001. <\/strong>Juramentaci\u00f3n Presidente Internacional &#8211; AIHE. Sede Miami.<\/p>\n<p><b>MIAMI 2002 .\u00a0<\/b>Presentaci\u00f3n \u00abPrograma Asociatividad Empresarial Internacional -AEI\u00bb\u00a0 en la <b>Florida International University<\/b>\u00a0(\u00a0<b>FIU<\/b> ) junto al Dr. Leonardo Rodriguez. Profesor Em\u00e9ritus.\u00a0<\/p>\n<p><strong>Dr. Jorge N. Ripa. Mendoza &#8211; Argentina<\/strong><\/p>\n<p><span style=\"color: #3366ff;\"><strong><a style=\"color: #3366ff;\" href=\"https:\/\/www.ripa.com.ar\/blog\/?page_id=147\" target=\"_blank\" rel=\"noopener noreferrer\">CONTACTO<\/a><\/strong><\/span><\/p>\n\n\n<!--more-->\n","protected":false},"excerpt":{"rendered":"<p>Resumen de actividades publicas de Consultoria Internacional: \u00a0Director Ejecutivo de Mendoza Trading S. A. \u00a0Fundador y Director en programa Trade Point \u00a0&#8211; WTPF &#8211; UNCTAD \u00a0Presidente Internacional de la AIHE &#8211;\u00a0 Asociaci\u00f3n\u00a0Interamericana de Hombres de Empresas &#8211; Sede Miami. Nota: Las actividades internacionales, en calidad de consultor o las asesor\u00edas\u00a0de empresas privadas, por razones de [&hellip;]<\/p>\n","protected":false},"author":2,"featured_media":0,"parent":0,"menu_order":0,"comment_status":"open","ping_status":"open","template":"","meta":{"footnotes":""},"class_list":["post-37","page","type-page","status-publish","hentry"],"_links":{"self":[{"href":"https:\/\/www.ripa.com.ar\/blog\/index.php?rest_route=\/wp\/v2\/pages\/37","targetHints":{"allow":["GET"]}}],"collection":[{"href":"https:\/\/www.ripa.com.ar\/blog\/index.php?rest_route=\/wp\/v2\/pages"}],"about":[{"href":"https:\/\/www.ripa.com.ar\/blog\/index.php?rest_route=\/wp\/v2\/types\/page"}],"author":[{"embeddable":true,"href":"https:\/\/www.ripa.com.ar\/blog\/index.php?rest_route=\/wp\/v2\/users\/2"}],"replies":[{"embeddable":true,"href":"https:\/\/www.ripa.com.ar\/blog\/index.php?rest_route=%2Fwp%2Fv2%2Fcomments&post=37"}],"version-history":[{"count":44,"href":"https:\/\/www.ripa.com.ar\/blog\/index.php?rest_route=\/wp\/v2\/pages\/37\/revisions"}],"predecessor-version":[{"id":2380,"href":"https:\/\/www.ripa.com.ar\/blog\/index.php?rest_route=\/wp\/v2\/pages\/37\/revisions\/2380"}],"wp:attachment":[{"href":"https:\/\/www.ripa.com.ar\/blog\/index.php?rest_route=%2Fwp%2Fv2%2Fmedia&parent=37"}],"curies":[{"name":"wp","href":"https:\/\/api.w.org\/{rel}","templated":true}]}}