{"id":2,"date":"2012-11-21T22:05:41","date_gmt":"2012-11-21T22:05:41","guid":{"rendered":"http:\/\/www.ripa.com.ar\/blog\/?page_id=2"},"modified":"2026-01-01T11:48:47","modified_gmt":"2026-01-01T14:48:47","slug":"pagina-ejemplo","status":"publish","type":"page","link":"https:\/\/www.ripa.com.ar\/blog\/","title":{"rendered":"Presentacion"},"content":{"rendered":"<div class=\"wp-block-image\">\n<figure class=\"aligncenter\"><a href=\"https:\/\/www.ripa.com.ar\/blog\/?attachment_id=1389\" rel=\"attachment wp-att-739\"><img loading=\"lazy\" decoding=\"async\" width=\"223\" height=\"223\" src=\"https:\/\/www.ripa.com.ar\/blog\/wp-content\/uploads\/2020\/09\/JNR-223x223.jpg\" alt=\"Dr. Jorge Nelson Ripa\" class=\"wp-image-1389\" srcset=\"https:\/\/www.ripa.com.ar\/blog\/wp-content\/uploads\/2020\/09\/JNR-223x223.jpg 223w, https:\/\/www.ripa.com.ar\/blog\/wp-content\/uploads\/2020\/09\/JNR.jpg 320w\" sizes=\"auto, (max-width: 223px) 100vw, 223px\" \/><\/a><\/figure>\n<\/div>\n\n\n<h3 class=\"wp-block-heading\"><span style=\"color: #3366ff;\"><a style=\"color: #3366ff;\" href=\"https:\/\/www.ripa.com.ar\/blog\/?page_id=34\" target=\"_blank\" rel=\"noopener\"><b>Dr. Jorge Nelson Ripa (<strong>Link a: Curriculum Vitae&nbsp;)<\/strong><\/b><\/a><\/span><\/h3>\n\n\n\n<h4 class=\"wp-block-heading\"><strong>Introducci\u00f3n &#8211; Objetivos: <\/strong><\/h4>\n\n\n\n<p class=\"has-text-align-left\">Los tres pilares b\u00e1sicos del crecimiento empresarial: Trabajo, Producci\u00f3n y Comercializaci\u00f3n, est\u00e1n en constante transformaci\u00f3n, en un mundo tecnol\u00f3gico de avanzada.<\/p>\n\n\n\n<p>De all\u00ed que necesitamos nuevos instrumentos y herramientas para desarrollarnos en los tiempos actuales de la digitalizaci\u00f3n, de la cuarta revoluci\u00f3n industrial y en el de la Inteligencia Artificial.<\/p>\n\n\n\n<p>El desaf\u00edo en la actualidad, es la integraci\u00f3n empresarial, la internacionalizaci\u00f3n y la atracci\u00f3n de inversiones.<\/p>\n\n\n\n<p>Para ello, hoy en Argentina proponemos la constituci\u00f3n de \u201c<strong>Fideicomisos Financieros de Producci\u00f3n y Comercializaci\u00f3n<\/strong>\u201d, que mediante emisiones de t\u00edtulos, movilice los recursos del mercado de capitales financieros hacia el desarrollo de la econom\u00eda real, atento qu\u00e9 atraeremos inversores bajo colocaci\u00f3n de deuda o participaci\u00f3n de capital.&nbsp;<\/p>\n\n\n\n<p>Nuestro objetivo con este blog, es, mediante notas expresar nuestra opini\u00f3n, presentar programas y formular propuestas.<\/p>\n\n\n\n<h4 class=\"wp-block-heading\"><strong>Antecedentes:<\/strong><\/h4>\n\n\n\n<p>Mi prop\u00f3sito es, brindar la experiencia de 40 a\u00f1os de ejercicio de la profesi\u00f3n de Abogado, especializado en temas de derecho empresarial y comercio exterior y la de 35 a\u00f1os, recorriendo el mundo, en mas de 30 pa\u00edses en temas de relaciones internacionales.&nbsp;<\/p>\n\n\n\n<p>Nos avalan entre otras actividades, 12 Misiones y visitas comerciales a pa\u00edses Latinoamericanos; 7 a USA, Canad\u00e1 y M\u00e9xico; 5 a Europa; 2 al Sudeste Asi\u00e1tico; 2 a \u00c1frica del Norte, Sud\u00e1frica e India. Conferencias en UNCTAD, ITC, M\u00e9xico, Brasil, Espa\u00f1a y USA.<\/p>\n\n\n\n<p>En <strong>1988<\/strong>, visitamos y recorrimos Estados Unidos, de costa a costa, para el proyecto <strong>VOA &#8211; Vinos del Oeste Argentino<\/strong>, estudiando lo relacionado a su impo\/expo, requisitos y establecimiento de un hub log\u00edstico.<\/p>\n\n\n\n<p>En <strong>1992<\/strong> nos sumamos a los programas de Asociaciones de Comercio y luego en <strong>1994<\/strong> al programa <strong>Trade Point de UNCTAD<\/strong> y tambi\u00e9n a <strong>Internacional Trade Center. (ITC)<\/strong><\/p>\n\n\n\n<p>En <strong>1993<\/strong>, en mi car\u00e1cter de Director Ejecutivo de <strong>Mendoza Trading, <\/strong>elaboramos la \u00abEstrategia Comercial de Mendoza a Brasil\u00bb. (San Pablo, Minas Gerais y R\u00edo de Janeiro). Con diversas misiones comerciales al Norte, Centro y Sur de Brasil y asiento de sede de Mendoza en Belo Horizonte.&nbsp;<\/p>\n\n\n\n<p>En <strong>1994<\/strong>, con la finalidad de internacionalizar a Mendoza, Argentina, fundamos junto a un grupo de empresarios el Cap\u00edtulo local de la Red Mundial, <strong><span style=\"color: #3366ff;\"><em><a href=\"https:\/\/www.facebook.com\/www.tradepointmendoza.com.ar\/\" target=\"_blank\" rel=\"noopener noreferrer\"><span style=\"color: #3366ff;\">Trade Point Mendoza<\/span><\/a>&nbsp;<\/em><\/span><\/strong>nacido en el seno de <strong>UNCTAD<\/strong> (Naciones Unidas) con sede en <strong>Ginebra.<\/strong><\/p>\n\n\n\n<p>En <strong>1996<\/strong>, asociado a <span style=\"color: #3366ff;\"><em><a href=\"http:\/\/www.oas.org\/en\/sedi\/desd\/IIDialogo\/presentations\/SEBRAE.pdf\" target=\"_blank\" rel=\"noopener noreferrer\">&nbsp;<strong>SEBRAE de Brasil.<\/strong><\/a> <\/em><\/span>&nbsp;iniciamos intercambios empresariales, abriendo ventanas empresariales de cat\u00e1logos digitales y rondas de negocios virtuales.<\/p>\n\n\n\n<p>En <strong>1997<\/strong> de mi autor\u00eda e integrando un equipo especializado y de avanzada tecnolog\u00eda, conformamos en Mendoza, la web site\u00a0<span style=\"color: #3366ff;\"><em><a style=\"color: #3366ff;\" href=\"https:\/\/www.facebook.com\/jnripa.internacional\" target=\"_blank\" rel=\"noopener noreferrer\"><strong><span style=\"color: #3366ff;\">TPMnet.<\/span><\/strong><\/a><\/em><\/span>\u00a0, (\u201cRed Trade Point Mendoza\u201d) el primer <strong>Portal de Comercio Electr\u00f3nico<\/strong> e internacionalizaci\u00f3n de Pymes, considerada la primer plataforma digital Iberoamericana, que fuera presentada ese mismo a\u00f1o oficialmente en Ginebra. Suiza y vinculada a la red de mas de 100 pa\u00edses que conformaba en ese momento el programa Trade Point de UNCTAD.<\/p>\n\n\n\n<p>En el <strong>2000<\/strong>, co dise\u00f1amos y co fundamos, con Directores Ejecutivos de Trade Point del mundo, la <a href=\"https:\/\/tradepoint.org\/\" target=\"_blank\" rel=\"noopener\"><span style=\"color: #3366ff;\"><strong>World Trade Point Federation (WTPF)<\/strong><\/span><\/a> organizaci\u00f3n internacional no gubernamental, con el objetivo de hacerse cargo de la gesti\u00f3n y el desarrollo del programa Trade Point de la Conferencia de Naciones Unidas sobre Comercio y Desarrollo (UNCTAD).<\/p>\n\n\n\n<p>En el periodo <strong>2001\/2004 <\/strong>presidimos la Asociaci\u00f3n Interamericana de Hombres de Empresa &#8211; <a href=\"https:\/\/www.facebook.com\/aiheinternacional\/\" target=\"_blank\" rel=\"noopener noreferrer\"><span style=\"color: #3366ff;\"><strong><em>A.I.H.E.<\/em><\/strong><\/span><\/a>, con sede en Miami y 17 Cap\u00edtulos en Latinoamerica.<\/p>\n\n\n\n<p>Entre los a\u00f1os <strong>2002\/2004<\/strong> presentamos el programa de \u00ab<strong><span style=\"color: #3366ff;\"><span style=\"color: #0000ff;\"><span style=\"color: #000000;\">Asociatividad Empresarial Internacional\u00bb<\/span> <\/span><\/span><\/strong><span style=\"color: #000000;\">en la FIU \u2013 Universidad Internacional de la Florida junto al <strong>Dr. Leonardo Rodriguez, <\/strong><\/span>Profesor Em\u00e9ritus de la Florida International University y Presidente AIC -Asociaci\u00f3n Interamericana de Contabilidad.<\/p>\n\n\n\n<p>En los a\u00f1os <strong>2023\/2024<\/strong> asociados a un grupo de profesionales y especialistas en comercio exterior e internacionalizaci\u00f3n de diferentes ciudades, impulsamos poner en marcha la <em><strong><a style=\"color: #0000ff;\" href=\"https:\/\/www.ripa.com.ar\/blog\/?p=1781\" target=\"_blank\" rel=\"noopener\"><span style=\"color: #0000ff;\">Red Global de Asociatividad Empresarial &#8211; RGAE<\/span><\/a><\/strong><\/em><span style=\"color: #0000ff;\">,<\/span> a los fines de producir un cambio en la matriz de producci\u00f3n y comercializaci\u00f3n y la de sumar inversores.<\/p>\n\n\n\n<p>Nota: <em><span style=\"color: #0000ff;\"><b style=\"color: #0000ff;\">En la foto personal que acompa\u00f1a este blog, se <\/b><span style=\"color: #0000ff;\"><b>visualiza<\/b><\/span><b style=\"color: #0000ff;\"> en la solapa la simb\u00f3lica llave de la Ciudad de Miami, con la que me honrara en la calidad de \u201cCiudadano Honorable\u201d el Alcalde de Miami Dade, el Dr. Manny Diaz al momento de asumir como Presidente Internacional de la \u201cAsociaci\u00f3n Interamericana de Hombres de Empresas. AIHE\u201d (Sede Miami). <\/b><\/span><\/em><\/p>\n\n\n\n<p class=\"has-text-align-center\"><strong><span style=\"color: #000080;\"><a style=\"color: #000080;\" href=\"https:\/\/www.ripa.com.ar\/blog\/?page_id=147\" target=\"_blank\" rel=\"noopener noreferrer\">CONTACTO<\/a><\/span><\/strong><\/p>\n\n\n\n<div class=\"wp-block-buttons is-layout-flex wp-block-buttons-is-layout-flex\"><\/div>\n\n\n\n<p><\/p>\n\n\n\n<p><\/p>\n","protected":false},"excerpt":{"rendered":"<p>Dr. Jorge Nelson Ripa (Link a: Curriculum Vitae&nbsp;) Introducci\u00f3n &#8211; Objetivos: Los tres pilares b\u00e1sicos del crecimiento empresarial: Trabajo, Producci\u00f3n y Comercializaci\u00f3n, est\u00e1n en constante transformaci\u00f3n, en un mundo tecnol\u00f3gico de avanzada. De all\u00ed que necesitamos nuevos instrumentos y herramientas para desarrollarnos en los tiempos actuales de la digitalizaci\u00f3n, de la cuarta revoluci\u00f3n industrial y [&hellip;]<\/p>\n","protected":false},"author":1,"featured_media":0,"parent":0,"menu_order":0,"comment_status":"open","ping_status":"closed","template":"","meta":{"footnotes":""},"class_list":["post-2","page","type-page","status-publish","hentry"],"_links":{"self":[{"href":"https:\/\/www.ripa.com.ar\/blog\/index.php?rest_route=\/wp\/v2\/pages\/2","targetHints":{"allow":["GET"]}}],"collection":[{"href":"https:\/\/www.ripa.com.ar\/blog\/index.php?rest_route=\/wp\/v2\/pages"}],"about":[{"href":"https:\/\/www.ripa.com.ar\/blog\/index.php?rest_route=\/wp\/v2\/types\/page"}],"author":[{"embeddable":true,"href":"https:\/\/www.ripa.com.ar\/blog\/index.php?rest_route=\/wp\/v2\/users\/1"}],"replies":[{"embeddable":true,"href":"https:\/\/www.ripa.com.ar\/blog\/index.php?rest_route=%2Fwp%2Fv2%2Fcomments&post=2"}],"version-history":[{"count":257,"href":"https:\/\/www.ripa.com.ar\/blog\/index.php?rest_route=\/wp\/v2\/pages\/2\/revisions"}],"predecessor-version":[{"id":2474,"href":"https:\/\/www.ripa.com.ar\/blog\/index.php?rest_route=\/wp\/v2\/pages\/2\/revisions\/2474"}],"wp:attachment":[{"href":"https:\/\/www.ripa.com.ar\/blog\/index.php?rest_route=%2Fwp%2Fv2%2Fmedia&parent=2"}],"curies":[{"name":"wp","href":"https:\/\/api.w.org\/{rel}","templated":true}]}}