{"id":1806,"date":"2023-09-06T18:06:09","date_gmt":"2023-09-06T18:06:09","guid":{"rendered":"http:\/\/www.ripa.com.ar\/blog\/?page_id=1806"},"modified":"2023-12-20T13:08:42","modified_gmt":"2023-12-20T13:08:42","slug":"red-global-de-asociatividad-empresarial-rgae-miami-junio-23","status":"publish","type":"page","link":"https:\/\/www.ripa.com.ar\/blog\/?page_id=1806","title":{"rendered":"Red Global A.E. (Miami &#8211; Junio\/23)"},"content":{"rendered":"\n<p>La \u201cRed Global de Asociatividad Empresarial\u201d \u2013 RGAE \u2013 nace por iniciativa de un grupo de profesionales y especialistas en comercio exterior e internacionalizaci\u00f3n, de diferentes ciudades, algunas de un mismo Pa\u00eds y que espera sumar a muchas otras m\u00e1s en el futuro.<\/p>\n\n\n\n<p>La conformaci\u00f3n de la RGAE esta basada en el programa de \u201cAsociatividad Empresarial Internacional\u201d, una propuesta de avanzada, cuyo objetivo es consolidar los tres pilares b\u00e1sicos del crecimiento econ\u00f3mico: Trabajo, Producci\u00f3n y Comercializaci\u00f3n.<\/p>\n\n\n\n<p>Debemos entender nosotros, nuestros dirigentes pol\u00edticos y empresariales, que estamos frente a un mundo en red, en una sociedad en red y en cambio permanente.<\/p>\n\n\n\n<p>El futuro que viene, nos debe encontrar integrados en redes de producci\u00f3n, comercializaci\u00f3n e inversi\u00f3n, en tiempo real y potenciar el valor de la estrecha vinculaci\u00f3n empresarial.<\/p>\n\n\n\n<p>En la actualidad la internacionalizaci\u00f3n empresarial, solo la podemos concebir como un proceso asociativo mediante redes con programas de avanzada y siempre integrando inversores.<\/p>\n\n\n\n<p>Y para lograrlo integramos a las empresas productoras y comercializadoras, con inversores de diferentes tipos.<\/p>\n\n\n\n<p>Cada centro realizara a trav\u00e9s de los \u201cmanifiestos de inter\u00e9s\u201d, el relevamiento de las empresas y de los inversores, lo que constituir\u00e1 la base de datos de la Red Global.<\/p>\n\n\n\n<p>Todos y cada uno de los Centros de la Red Global integrar\u00e1n a las empresas productoras locales con las comercializadoras internacionales y los inversores, de acuerdo al tipo legal de cada Pa\u00eds, sus usos y costumbres y bajo las reglas, normativas y especificaciones internacionales.<\/p>\n\n\n\n<p>Seleccionando el instrumento adecuado, cada uno de los centros de la Red, ofrecer\u00e1n las diferentes alternativas a los inversores, sean estos compradores de deuda o participantes de las ganancias del t\u00edtulo emitido.<\/p>\n\n\n\n<p>Todos y cada uno, de los t\u00edtulos valores emitidos en cualquier parte del mundo, generados por la integraci\u00f3n de las empresas productoras y comercializadoras, ser\u00e1n puestos a disposici\u00f3n de los inversores internacionales.<\/p>\n\n\n\n<p>Todas las propuestas e instrumentos destinados a la atracci\u00f3n de inversores es lo que permitir\u00e1 movilizar recursos del mercado de capitales financieros, hacia el desarrollo y crecimiento de la econom\u00eda real.<\/p>\n\n\n\n<p>En s\u00edntesis, la misi\u00f3n de la RGAE tendr\u00e1 como premisa, el cambio de la matriz de producci\u00f3n y comercializaci\u00f3n internacional y la de sumar inversores.<\/p>\n\n\n\n<p><strong>En la actualidad, a los fines de formalizar la constituci\u00f3n de la RGAE, estamos preparando los protocolos de integraci\u00f3n; la declaraci\u00f3n de principios; la instrumentaci\u00f3n de tipos de inversi\u00f3n y las normativas de los manifiestos de inter\u00e9s.<\/strong><\/p>\n\n\n\n<p>Info:<br \/><a href=\"mailto:redglobaldeae@gmail.com\">redglobaldeae@gmail.com&nbsp;<\/a><\/p>\n\n\n\n<p><\/p>\n","protected":false},"excerpt":{"rendered":"<p>La \u201cRed Global de Asociatividad Empresarial\u201d \u2013 RGAE \u2013 nace por iniciativa de un grupo de profesionales y especialistas en comercio exterior e internacionalizaci\u00f3n, de diferentes ciudades, algunas de un mismo Pa\u00eds y que espera sumar a muchas otras m\u00e1s en el futuro. La conformaci\u00f3n de la RGAE esta basada en el programa de \u201cAsociatividad [&hellip;]<\/p>\n","protected":false},"author":2,"featured_media":1807,"parent":0,"menu_order":0,"comment_status":"closed","ping_status":"closed","template":"","meta":{"footnotes":""},"class_list":["post-1806","page","type-page","status-publish","has-post-thumbnail","hentry"],"_links":{"self":[{"href":"https:\/\/www.ripa.com.ar\/blog\/index.php?rest_route=\/wp\/v2\/pages\/1806","targetHints":{"allow":["GET"]}}],"collection":[{"href":"https:\/\/www.ripa.com.ar\/blog\/index.php?rest_route=\/wp\/v2\/pages"}],"about":[{"href":"https:\/\/www.ripa.com.ar\/blog\/index.php?rest_route=\/wp\/v2\/types\/page"}],"author":[{"embeddable":true,"href":"https:\/\/www.ripa.com.ar\/blog\/index.php?rest_route=\/wp\/v2\/users\/2"}],"replies":[{"embeddable":true,"href":"https:\/\/www.ripa.com.ar\/blog\/index.php?rest_route=%2Fwp%2Fv2%2Fcomments&post=1806"}],"version-history":[{"count":7,"href":"https:\/\/www.ripa.com.ar\/blog\/index.php?rest_route=\/wp\/v2\/pages\/1806\/revisions"}],"predecessor-version":[{"id":1921,"href":"https:\/\/www.ripa.com.ar\/blog\/index.php?rest_route=\/wp\/v2\/pages\/1806\/revisions\/1921"}],"wp:featuredmedia":[{"embeddable":true,"href":"https:\/\/www.ripa.com.ar\/blog\/index.php?rest_route=\/wp\/v2\/media\/1807"}],"wp:attachment":[{"href":"https:\/\/www.ripa.com.ar\/blog\/index.php?rest_route=%2Fwp%2Fv2%2Fmedia&parent=1806"}],"curies":[{"name":"wp","href":"https:\/\/api.w.org\/{rel}","templated":true}]}}